{"id":188,"date":"2023-02-13T18:29:08","date_gmt":"2023-02-13T18:29:08","guid":{"rendered":"https:\/\/acei.site\/?page_id=188"},"modified":"2023-02-14T18:40:26","modified_gmt":"2023-02-14T18:40:26","slug":"about-us","status":"publish","type":"page","link":"https:\/\/acei.site\/?page_id=188","title":{"rendered":"About Us"},"content":{"rendered":"\t\t<div data-elementor-type=\"wp-page\" data-elementor-id=\"188\" class=\"elementor elementor-188\" data-elementor-post-type=\"page\">\n\t\t\t\t\t\t<section class=\"elementor-section elementor-top-section elementor-element elementor-element-abf9d1f elementor-section-boxed elementor-section-height-default elementor-section-height-default\" data-id=\"abf9d1f\" data-element_type=\"section\">\n\t\t\t\t\t\t<div class=\"elementor-container elementor-column-gap-default\">\n\t\t\t\t\t<div class=\"elementor-column elementor-col-100 elementor-top-column elementor-element elementor-element-5d1d7f2\" data-id=\"5d1d7f2\" data-element_type=\"column\">\n\t\t\t<div class=\"elementor-widget-wrap elementor-element-populated\">\n\t\t\t\t\t\t<div class=\"elementor-element elementor-element-349c0f3 elementor-widget elementor-widget-image\" data-id=\"349c0f3\" data-element_type=\"widget\" data-widget_type=\"image.default\">\n\t\t\t\t\t\t\t\t\t\t\t\t<figure class=\"wp-caption\">\n\t\t\t\t\t\t\t\t\t\t<img fetchpriority=\"high\" decoding=\"async\" width=\"640\" height=\"360\" src=\"https:\/\/acei.site\/wp-content\/uploads\/2023\/02\/dianaaa-768x432.jpg\" class=\"attachment-medium_large size-medium_large wp-image-191\" alt=\"\" srcset=\"https:\/\/acei.site\/wp-content\/uploads\/2023\/02\/dianaaa-768x432.jpg 768w, https:\/\/acei.site\/wp-content\/uploads\/2023\/02\/dianaaa-300x169.jpg 300w, https:\/\/acei.site\/wp-content\/uploads\/2023\/02\/dianaaa-1024x576.jpg 1024w, https:\/\/acei.site\/wp-content\/uploads\/2023\/02\/dianaaa-1536x864.jpg 1536w, https:\/\/acei.site\/wp-content\/uploads\/2023\/02\/dianaaa.jpg 1920w\" sizes=\"(max-width: 640px) 100vw, 640px\" \/>\t\t\t\t\t\t\t\t\t\t\t<figcaption class=\"widget-image-caption wp-caption-text\">PRESEDINTE ACEI<\/figcaption>\n\t\t\t\t\t\t\t\t\t\t<\/figure>\n\t\t\t\t\t\t\t\t\t<\/div>\n\t\t\t\t\t<\/div>\n\t\t<\/div>\n\t\t\t\t\t<\/div>\n\t\t<\/section>\n\t\t\t\t<section class=\"elementor-section elementor-top-section elementor-element elementor-element-7db149d elementor-section-boxed elementor-section-height-default elementor-section-height-default\" data-id=\"7db149d\" data-element_type=\"section\">\n\t\t\t\t\t\t<div class=\"elementor-container elementor-column-gap-default\">\n\t\t\t\t\t<div class=\"elementor-column elementor-col-100 elementor-top-column elementor-element elementor-element-6cabb18\" data-id=\"6cabb18\" data-element_type=\"column\">\n\t\t\t<div class=\"elementor-widget-wrap elementor-element-populated\">\n\t\t\t\t\t\t<div class=\"elementor-element elementor-element-3cd8616 elementor-widget elementor-widget-image\" data-id=\"3cd8616\" data-element_type=\"widget\" data-widget_type=\"image.default\">\n\t\t\t\t\t\t\t\t\t\t\t\t<figure class=\"wp-caption\">\n\t\t\t\t\t\t\t\t\t\t<img decoding=\"async\" width=\"640\" height=\"360\" src=\"https:\/\/acei.site\/wp-content\/uploads\/2023\/02\/atena-768x432.png\" class=\"attachment-medium_large size-medium_large wp-image-193\" alt=\"\" srcset=\"https:\/\/acei.site\/wp-content\/uploads\/2023\/02\/atena-768x432.png 768w, https:\/\/acei.site\/wp-content\/uploads\/2023\/02\/atena-300x169.png 300w, https:\/\/acei.site\/wp-content\/uploads\/2023\/02\/atena-1024x576.png 1024w, https:\/\/acei.site\/wp-content\/uploads\/2023\/02\/atena-1536x864.png 1536w, https:\/\/acei.site\/wp-content\/uploads\/2023\/02\/atena.png 1920w\" sizes=\"(max-width: 640px) 100vw, 640px\" \/>\t\t\t\t\t\t\t\t\t\t\t<figcaption class=\"widget-image-caption wp-caption-text\">FONDATOR ACEI<\/figcaption>\n\t\t\t\t\t\t\t\t\t\t<\/figure>\n\t\t\t\t\t\t\t\t\t<\/div>\n\t\t\t\t\t<\/div>\n\t\t<\/div>\n\t\t\t\t\t<\/div>\n\t\t<\/section>\n\t\t\t\t<section class=\"elementor-section elementor-top-section elementor-element elementor-element-099aa86 elementor-section-boxed elementor-section-height-default elementor-section-height-default\" data-id=\"099aa86\" data-element_type=\"section\">\n\t\t\t\t\t\t<div class=\"elementor-container elementor-column-gap-default\">\n\t\t\t\t\t<div class=\"elementor-column elementor-col-100 elementor-top-column elementor-element elementor-element-b7fb74c\" data-id=\"b7fb74c\" data-element_type=\"column\">\n\t\t\t<div class=\"elementor-widget-wrap elementor-element-populated\">\n\t\t\t\t\t\t<div class=\"elementor-element elementor-element-010ee35 elementor-widget elementor-widget-image\" data-id=\"010ee35\" data-element_type=\"widget\" data-widget_type=\"image.default\">\n\t\t\t\t\t\t\t\t\t\t\t\t<figure class=\"wp-caption\">\n\t\t\t\t\t\t\t\t\t\t<img decoding=\"async\" width=\"640\" height=\"360\" src=\"https:\/\/acei.site\/wp-content\/uploads\/2023\/02\/floryff-768x432.jpg\" class=\"attachment-medium_large size-medium_large wp-image-195\" alt=\"\" srcset=\"https:\/\/acei.site\/wp-content\/uploads\/2023\/02\/floryff-768x432.jpg 768w, https:\/\/acei.site\/wp-content\/uploads\/2023\/02\/floryff-300x169.jpg 300w, https:\/\/acei.site\/wp-content\/uploads\/2023\/02\/floryff-1024x576.jpg 1024w, https:\/\/acei.site\/wp-content\/uploads\/2023\/02\/floryff-1536x864.jpg 1536w, https:\/\/acei.site\/wp-content\/uploads\/2023\/02\/floryff.jpg 1920w\" sizes=\"(max-width: 640px) 100vw, 640px\" \/>\t\t\t\t\t\t\t\t\t\t\t<figcaption class=\"widget-image-caption wp-caption-text\">FONDATOR ACEI<\/figcaption>\n\t\t\t\t\t\t\t\t\t\t<\/figure>\n\t\t\t\t\t\t\t\t\t<\/div>\n\t\t\t\t\t<\/div>\n\t\t<\/div>\n\t\t\t\t\t<\/div>\n\t\t<\/section>\n\t\t\t\t<section class=\"elementor-section elementor-top-section elementor-element elementor-element-2097b4b elementor-section-boxed elementor-section-height-default elementor-section-height-default\" data-id=\"2097b4b\" data-element_type=\"section\">\n\t\t\t\t\t\t<div class=\"elementor-container elementor-column-gap-default\">\n\t\t\t\t\t<div class=\"elementor-column elementor-col-100 elementor-top-column elementor-element elementor-element-f863c07\" data-id=\"f863c07\" data-element_type=\"column\">\n\t\t\t<div class=\"elementor-widget-wrap elementor-element-populated\">\n\t\t\t\t\t\t<div class=\"elementor-element elementor-element-c61d651 elementor-widget elementor-widget-heading\" data-id=\"c61d651\" data-element_type=\"widget\" data-widget_type=\"heading.default\">\n\t\t\t\t\t<h2 class=\"elementor-heading-title elementor-size-default\">PARTENERII NO\u0218TRI<\/h2>\t\t\t\t<\/div>\n\t\t\t\t\t<\/div>\n\t\t<\/div>\n\t\t\t\t\t<\/div>\n\t\t<\/section>\n\t\t\t\t<section class=\"elementor-section elementor-top-section elementor-element elementor-element-098ecc8 elementor-section-boxed elementor-section-height-default elementor-section-height-default\" data-id=\"098ecc8\" data-element_type=\"section\">\n\t\t\t\t\t\t<div class=\"elementor-container elementor-column-gap-default\">\n\t\t\t\t\t<div class=\"elementor-column elementor-col-100 elementor-top-column elementor-element elementor-element-13b6aba\" data-id=\"13b6aba\" data-element_type=\"column\">\n\t\t\t<div class=\"elementor-widget-wrap elementor-element-populated\">\n\t\t\t\t\t\t<div class=\"elementor-element elementor-element-35abf25 elementor-widget elementor-widget-text-editor\" data-id=\"35abf25\" data-element_type=\"widget\" data-widget_type=\"text-editor.default\">\n\t\t\t\t\t\t\t\t\t<ol><li><pre><strong><span class=\"S1PPyQ\"><a href=\"https:\/\/www.facebook.com\/serkan.akyol.3114?mibextid=ZbWKwL\">Prof. Serkan Mustafa AKYOL, Mehmet Akif Ersoy Ilkokulu (TURCIA)<\/a><\/span><\/strong><\/pre><\/li><li><pre><strong><a href=\"https:\/\/www.facebook.com\/profile.php?id=100004185075784&amp;mibextid=ZbWKwL\">PROF<span class=\"S1PPyQ\">. Haci Ismail KILI\u00c7<\/span><\/a>,<span class=\"S1PPyQ\">Yunus Emre \u0130lkokulu (TURCIA)<\/span><\/strong><\/pre><\/li><li><pre><strong><a href=\"https:\/\/www.facebook.com\/profile.php?id=100057210047399&amp;mibextid=ZbWKwL\">Hassan Raza\u00a0<\/a> <span class=\"S1PPyQ\">Departmentul de chemistry,<\/span> <span class=\"S1PPyQ\">University of Gujrat, Gujrat<\/span> <span class=\"S1PPyQ\">(Pakistan)<\/span><\/strong><\/pre><\/li><li><pre><strong><a href=\"https:\/\/www.facebook.com\/andrei.chiforisin?mibextid=ZbWKwL\">PROF.<\/a> <a href=\"https:\/\/www.facebook.com\/andrei.chiforisin?mibextid=ZbWKwL\"><span class=\"S1PPyQ\">DRD ELENA CHIFORI\u0218IN, director Gr\u0103dini\u021ba Nr. 98, Chi\u0219in\u0103u, Republica Moldova<\/span><\/a><\/strong><\/pre><\/li><li><pre><strong><span class=\"S1PPyQ\">Prof.Dr. Ronakkumar R. PARMAR Departmentul de Psihologie, Children\u2019s University, Gandhinagar (INDIA)<\/span><\/strong><\/pre><\/li><li><pre><strong><span class=\"S1PPyQ\">Prof.Ersan Parlak \u00dcnye District National Education Directorate (TURCIA)<\/span><\/strong><\/pre><\/li><li><pre class=\"_04xlpA direction-ltr align-start para-style-body\"><strong><span class=\"S1PPyQ\">Prof.Liviu Moise <\/span><span class=\"S1PPyQ\">Director CJRAE Cara\u0219-Severin<\/span><\/strong><\/pre><\/li><li class=\"_04xlpA direction-ltr align-start para-style-body\"><pre><strong><a href=\"https:\/\/www.facebook.com\/bogdan.teut?mibextid=ZbWKwL\">Bogdan TEUT <span class=\"S1PPyQ\" style=\"color: #333333;\">TB Software Development <\/span><span class=\"S1PPyQ\" style=\"color: #333333;\">Trainer <\/span><span class=\"S1PPyQ\" style=\"color: #333333;\">(MAREA BRITANIE) <\/span><\/a><\/strong><\/pre><\/li><li class=\"_04xlpA direction-ltr align-start para-style-body\"><pre><strong><span class=\"S1PPyQ\">Prof.Seda \u015eEKER YILMAZ Sincan \u0130nci Anaokulu (Turcia)\u00a0<\/span><\/strong><\/pre><\/li><li class=\"_04xlpA direction-ltr align-start para-style-body\"><pre><strong><span class=\"S1PPyQ\">PROF. DRD<\/span> <span class=\"S1PPyQ\">ALEXANDRU GEORGE \u021aIC\u0102U \u0218coala Gimnazial\u0103 de Arte ,,N. N. Tonitza\" - mun. B\u00e2rlad, jud. Vaslui<\/span><\/strong><\/pre><\/li><li class=\"_04xlpA direction-ltr align-start para-style-body\"><pre><strong><span class=\"S1PPyQ\">Prof.T\u00fclin Karaa\u011fa\u00e7 Atat\u00fcrk \u0130lkokulu - Ka\u011f\u0131thane Ka\u011f\u0131thane (Turcia)\u00a0<\/span><\/strong><\/pre><\/li><li class=\"_04xlpA direction-ltr align-start para-style-body\"><pre class=\"_04xlpA direction-ltr align-start para-style-body\"><strong><span class=\"S1PPyQ\">PROF. DRAGO\u0218 MARCU <\/span><span class=\"S1PPyQ\">DIRECTOR, \u0218COALA GIMNAZIAL\u0102 GIUVAR\u0102\u0218TI, OLT<\/span><\/strong><\/pre><\/li><li class=\"_04xlpA direction-ltr align-start para-style-body\"><pre><strong><span class=\"S1PPyQ\">PROF. Eleni Katsiavou, Preschool Educator &amp; Headmistress of the 9th Kindergarten of Tripoli,Greece. MA in Drama and Performing Arts in Education and lifelong learning<\/span><\/strong><br \/><br \/><strong>\u00a0<\/strong><\/pre><\/li><\/ol>\t\t\t\t\t\t\t\t<\/div>\n\t\t\t\t\t<\/div>\n\t\t<\/div>\n\t\t\t\t\t<\/div>\n\t\t<\/section>\n\t\t\t\t<section class=\"elementor-section elementor-top-section elementor-element elementor-element-f660e33 elementor-section-boxed elementor-section-height-default elementor-section-height-default\" data-id=\"f660e33\" data-element_type=\"section\">\n\t\t\t\t\t\t<div class=\"elementor-container elementor-column-gap-default\">\n\t\t\t\t\t<div class=\"elementor-column elementor-col-50 elementor-top-column elementor-element elementor-element-2ac82ae\" data-id=\"2ac82ae\" data-element_type=\"column\">\n\t\t\t<div class=\"elementor-widget-wrap elementor-element-populated\">\n\t\t\t\t\t\t<div class=\"elementor-element elementor-element-43ca7b9 elementor-widget elementor-widget-heading\" data-id=\"43ca7b9\" data-element_type=\"widget\" data-widget_type=\"heading.default\">\n\t\t\t\t\t<h3 class=\"elementor-heading-title elementor-size-default\">DETALII CONT BANCAR<\/h3>\t\t\t\t<\/div>\n\t\t\t\t\t<\/div>\n\t\t<\/div>\n\t\t\t\t<div class=\"elementor-column elementor-col-50 elementor-top-column elementor-element elementor-element-533233b\" data-id=\"533233b\" data-element_type=\"column\">\n\t\t\t<div class=\"elementor-widget-wrap elementor-element-populated\">\n\t\t\t\t\t\t<div class=\"elementor-element elementor-element-fe31edb elementor-widget elementor-widget-text-editor\" data-id=\"fe31edb\" data-element_type=\"widget\" data-widget_type=\"text-editor.default\">\n\t\t\t\t\t\t\t\t\t<p><strong>ALIAN\u021aA CONSULTAN\u021aILOR EDUCA\u021aIONALI INOVATORI, RO17BTRLRONCRT0659807901, deschis la BANCA TRANSILVANIA.<\/strong><\/p>\t\t\t\t\t\t\t\t<\/div>\n\t\t\t\t\t<\/div>\n\t\t<\/div>\n\t\t\t\t\t<\/div>\n\t\t<\/section>\n\t\t\t\t<\/div>\n\t\t","protected":false},"excerpt":{"rendered":"<p>PRESEDINTE ACEI FONDATOR ACEI FONDATOR ACEI PARTENERII NO\u0218TRI Prof. Serkan Mustafa AKYOL, Mehmet Akif Ersoy Ilkokulu (TURCIA) PROF. Haci Ismail KILI\u00c7,Yunus Emre \u0130lkokulu (TURCIA) Hassan Raza&nbsp; Departmentul de chemistry, University of Gujrat, Gujrat (Pakistan) PROF. DRD ELENA CHIFORI\u0218IN, director Gr\u0103dini\u021ba Nr. 98, Chi\u0219in\u0103u, Republica Moldova Prof.Dr. Ronakkumar R. PARMAR Departmentul de Psihologie, Children\u2019s University, Gandhinagar (INDIA) Prof.Ersan Parlak \u00dcnye District [&hellip;]<\/p>\n","protected":false},"author":1,"featured_media":0,"parent":0,"menu_order":0,"comment_status":"closed","ping_status":"closed","template":"","meta":{"om_disable_all_campaigns":false,"_uag_custom_page_level_css":"","_monsterinsights_skip_tracking":false,"_monsterinsights_sitenote_active":false,"_monsterinsights_sitenote_note":"","_monsterinsights_sitenote_category":0,"footnotes":""},"class_list":["post-188","page","type-page","status-publish","hentry"],"aioseo_notices":[],"_hostinger_reach_plugin_has_subscription_block":false,"_hostinger_reach_plugin_is_elementor":false,"uagb_featured_image_src":{"full":false,"thumbnail":false,"medium":false,"medium_large":false,"large":false,"1536x1536":false,"2048x2048":false,"bizberg_medium":false,"bizberg_gallery":false,"bizberg_blog_list":false,"bizberg_detail_image":false,"bizberg_detail_image_no_sidebar":false,"bizberg_portfolio_homepage":false,"bizberg_blog_list_no_sidebar_1":false},"uagb_author_info":{"display_name":"hassangujjar007raza@gmail.com","author_link":"https:\/\/acei.site\/?author=1"},"uagb_comment_info":0,"uagb_excerpt":"PRESEDINTE ACEI FONDATOR ACEI FONDATOR ACEI PARTENERII NO\u0218TRI Prof. Serkan Mustafa AKYOL, Mehmet Akif Ersoy Ilkokulu (TURCIA) PROF. Haci Ismail KILI\u00c7,Yunus Emre \u0130lkokulu (TURCIA) Hassan Raza&nbsp; Departmentul de chemistry, University of Gujrat, Gujrat (Pakistan) PROF. DRD ELENA CHIFORI\u0218IN, director Gr\u0103dini\u021ba Nr. 98, Chi\u0219in\u0103u, Republica Moldova Prof.Dr. Ronakkumar R. PARMAR Departmentul de Psihologie, Children\u2019s University, Gandhinagar&hellip;","_links":{"self":[{"href":"https:\/\/acei.site\/index.php?rest_route=\/wp\/v2\/pages\/188","targetHints":{"allow":["GET"]}}],"collection":[{"href":"https:\/\/acei.site\/index.php?rest_route=\/wp\/v2\/pages"}],"about":[{"href":"https:\/\/acei.site\/index.php?rest_route=\/wp\/v2\/types\/page"}],"author":[{"embeddable":true,"href":"https:\/\/acei.site\/index.php?rest_route=\/wp\/v2\/users\/1"}],"replies":[{"embeddable":true,"href":"https:\/\/acei.site\/index.php?rest_route=%2Fwp%2Fv2%2Fcomments&post=188"}],"version-history":[{"count":29,"href":"https:\/\/acei.site\/index.php?rest_route=\/wp\/v2\/pages\/188\/revisions"}],"predecessor-version":[{"id":244,"href":"https:\/\/acei.site\/index.php?rest_route=\/wp\/v2\/pages\/188\/revisions\/244"}],"wp:attachment":[{"href":"https:\/\/acei.site\/index.php?rest_route=%2Fwp%2Fv2%2Fmedia&parent=188"}],"curies":[{"name":"wp","href":"https:\/\/api.w.org\/{rel}","templated":true}]}}